{"id":11,"date":"2014-06-10T15:41:37","date_gmt":"2014-06-10T14:41:37","guid":{"rendered":"http:\/\/www.preventact.fr\/pa\/?page_id=11"},"modified":"2024-02-07T23:59:22","modified_gmt":"2024-02-07T22:59:22","slug":"prevention-incendie","status":"publish","type":"page","link":"https:\/\/www.preventact.fr\/pa\/prevention-incendie\/","title":{"rendered":"Pr\u00e9vention incendie"},"content":{"rendered":"\n<style type=\"text\/css\" data-created_by=\"avia_inline_auto\" id=\"style-css-av-lf0elcfv-ce1bd8032ad95f093b1b59fb83cd57af\">\n.avia-section.av-lf0elcfv-ce1bd8032ad95f093b1b59fb83cd57af{\nbackground-repeat:no-repeat;\nbackground-image:url(https:\/\/www.preventact.fr\/pa\/wp-content\/uploads\/2023\/03\/Prevention-Incendies.jpg);\nbackground-position:50% 50%;\nbackground-attachment:scroll;\nmargin-top:0;\nmargin-bottom:0;\n}\n.avia-section.av-lf0elcfv-ce1bd8032ad95f093b1b59fb83cd57af .av-section-color-overlay{\nopacity:0.6;\nbackground-color:#000000;\n}\n<\/style>\n<div id='av_section_1'  class='avia-section av-lf0elcfv-ce1bd8032ad95f093b1b59fb83cd57af main_color avia-section-default avia-no-border-styling  avia-builder-el-0  el_before_av_section  avia-builder-el-first  avia-bg-style-scroll av-section-color-overlay-active av-minimum-height av-minimum-height-custom av-height-custom  container_wrap sidebar_right'  data-section-bg-repeat='no-repeat' data-av_minimum_height_px='350'><div class=\"av-section-color-overlay-wrap\"><div class=\"av-section-color-overlay\"><\/div><div class='container av-section-cont-open' style='height:350px'><main  role=\"main\" itemprop=\"mainContentOfPage\"  class='template-page content  av-content-small alpha units'><div class='post-entry post-entry-type-page post-entry-11'><div class='entry-content-wrapper clearfix'>\n\n<style type=\"text\/css\" data-created_by=\"avia_inline_auto\" id=\"style-css-av-lf0ek1zo-a4357c2c601bbca1ac9c197f25a7fbe8\">\n#top .av-special-heading.av-lf0ek1zo-a4357c2c601bbca1ac9c197f25a7fbe8{\npadding-bottom:10px;\ncolor:#fff087;\n}\nbody .av-special-heading.av-lf0ek1zo-a4357c2c601bbca1ac9c197f25a7fbe8 .av-special-heading-tag .heading-char{\nfont-size:25px;\n}\n#top #wrap_all .av-special-heading.av-lf0ek1zo-a4357c2c601bbca1ac9c197f25a7fbe8 .av-special-heading-tag{\npadding:2rem 0 0 0;\n}\n.av-special-heading.av-lf0ek1zo-a4357c2c601bbca1ac9c197f25a7fbe8 .special-heading-inner-border{\nborder-color:rgba(0,0,0,0.01);\n}\n.av-special-heading.av-lf0ek1zo-a4357c2c601bbca1ac9c197f25a7fbe8 .av-subheading{\nfont-size:15px;\ncolor:#ffffff;\n}\nbody .av-special-heading.av-lf0ek1zo-a4357c2c601bbca1ac9c197f25a7fbe8 .av-special-heading-tag .heading-wrap:before{\nborder-color:rgba(0,0,0,0.01);\n}\nbody .av-special-heading.av-lf0ek1zo-a4357c2c601bbca1ac9c197f25a7fbe8 .av-special-heading-tag .heading-wrap:after{\nborder-color:rgba(0,0,0,0.01);\n}\n<\/style>\n<div  class='av-special-heading av-lf0ek1zo-a4357c2c601bbca1ac9c197f25a7fbe8 av-special-heading-h1 custom-color-heading blockquote elegant-quote elegant-centered  avia-builder-el-1  avia-builder-el-no-sibling '><h1 class='av-special-heading-tag'  itemprop=\"headline\"  ><span class=\"heading-wrap\">Pr\u00e9vention incendies<\/span><\/h1><div class=\"special-heading-border\"><div class=\"special-heading-inner-border\"><\/div><\/div><\/div>\n\n<\/div><\/div><\/main><!-- close content main element --><\/div><\/div><\/div><div id='av_section_2'  class='avia-section av-lf0emuvi-430fc008926cf09e4b5827bce2a0e64f footer_color avia-section-small avia-no-border-styling  avia-builder-el-2  el_after_av_section  el_before_av_blog  avia-bg-style-scroll container_wrap sidebar_right'  ><div class='container av-section-cont-open' ><div class='template-page content  av-content-small alpha units'><div class='post-entry post-entry-type-page post-entry-11'><div class='entry-content-wrapper clearfix'>\n\n<style type=\"text\/css\" data-created_by=\"avia_inline_auto\" id=\"style-css-av-lf0emg0c-36983fbed1e190cd5d690c2bbaa162da\">\n.flex_column.av-lf0emg0c-36983fbed1e190cd5d690c2bbaa162da{\npadding:0 0 0 75px;\n}\n<\/style>\n<div  class='flex_column av-lf0emg0c-36983fbed1e190cd5d690c2bbaa162da av_one_full  avia-builder-el-3  avia-builder-el-no-sibling  first no_margin flex_column_div  '     ><style type=\"text\/css\" data-created_by=\"avia_inline_auto\" id=\"style-css-av-lf0enob2-91128dbed8e38beb456d733dd4e18798\">\n#top .av_textblock_section.av-lf0enob2-91128dbed8e38beb456d733dd4e18798 .avia_textblock{\nfont-size:1.25rem;\ncolumn-count:4;\ncolumn-gap:2%;\n}\n\n@media only screen and (max-width: 479px){ \n#top .av_textblock_section.av-lf0enob2-91128dbed8e38beb456d733dd4e18798 .avia_textblock{\ncolumn-count:1;\n}\n.av_textblock_section.av-lf0enob2-91128dbed8e38beb456d733dd4e18798 .avia_textblock.av_multi_colums > p:first-child{\nmargin-top:0.85em;\n}\n}\n<\/style>\n<section  class='av_textblock_section av-lf0enob2-91128dbed8e38beb456d733dd4e18798 '   itemscope=\"itemscope\" itemtype=\"https:\/\/schema.org\/CreativeWork\" ><div class='avia_textblock av_multi_colums'  itemprop=\"text\" ><p>&#x2714; \u00c9quipier de 1<sup>\u00e8re<\/sup> intervention<\/p>\n<p>&#x2714; \u00c9quipier de <sup>2e<\/sup> intervention<\/p>\n<p>&#x2714; S.S.I.A.P. 1, 2, 3<br \/>\nFormation initiale et recyclage<\/p>\n<p>&#x2714; Formation : guide file, serre file<\/p>\n<p>&#x2714; Exercice d&rsquo;\u00e9vacuation en temps r\u00e9el<\/p>\n<p>&#x2714; Manipulation des extincteurs<\/p>\n<p>&#x2714; Formation \u00ab\u00a0Sprinkler\u00a0\u00bb<\/p>\n<p>&#x2714; Permis feux<\/p>\n<p>&#x2714; Formation aux risques industriels<\/p>\n<ul>\n<li>R1 : personnel intervenant<\/li>\n<li>R2 : personnel encadrant<\/li>\n<\/ul>\n<p>&#x2714; Plans P.O.I. \/ P.P.I. \/ P.P.S.P.S.<\/p>\n<p>&#x2714; R\u00e9f\u00e9rent pr\u00e9vention s\u00e9curit\u00e9 sur site industriel<\/p>\n<p>&#x2714; Hygi\u00e8ne pr\u00e9vention s\u00e9curit\u00e9 en milieu industriel et tertiaire<\/p>\n<p>&#x2714; Audit, conseils et assistance<\/p>\n<\/div><\/section><\/div>\n<\/div><\/div><\/div><!-- close content main div --><\/div><\/div><div id='after_section_2'  class='main_color av_default_container_wrap container_wrap sidebar_right'  ><div class='container av-section-cont-open' ><div class='template-page content  av-content-small alpha units'><div class='post-entry post-entry-type-page post-entry-11'><div class='entry-content-wrapper clearfix'>\n<div  data-slideshow-options=\"{&quot;animation&quot;:&quot;fade&quot;,&quot;autoplay&quot;:false,&quot;loop_autoplay&quot;:&quot;once&quot;,&quot;interval&quot;:5,&quot;loop_manual&quot;:&quot;manual-endless&quot;,&quot;autoplay_stopper&quot;:false,&quot;noNavigation&quot;:false,&quot;show_slide_delay&quot;:90}\" class='avia-content-slider avia-content-grid-active avia-content-slider1 avia-content-slider-odd  avia-builder-el-5  el_after_av_section  avia-builder-el-no-sibling  av-slideshow-ui av-control-default   av-no-slider-navigation av-slideshow-manual av-loop-once av-loop-manual-endless '  itemscope=\"itemscope\" itemtype=\"https:\/\/schema.org\/Blog\" ><div class=\"avia-content-slider-inner\"><div class=\"slide-entry-wrap\"><article class='slide-entry flex_column  post-entry post-entry-2061 slide-entry-overview slide-loop-1 slide-parity-odd  av_one_third first real-thumbnail posttype-post post-format-standard'  itemscope=\"itemscope\" itemtype=\"https:\/\/schema.org\/CreativeWork\" ><a href='https:\/\/www.preventact.fr\/pa\/travail-en-zone-atex\/' data-rel='slide-1' class='slide-image' title='Travail en zone ATEX'><img loading=\"lazy\" decoding=\"async\" width=\"495\" height=\"385\" src=\"https:\/\/www.preventact.fr\/pa\/wp-content\/uploads\/2023\/04\/llumiere-de-signalisation-sortie-de-secours-495x385.jpg\" class=\"wp-image-1288 avia-img-lazy-loading-1288 attachment-portfolio size-portfolio wp-post-image\" alt=\"lumi\u00e8re-de-signalisation-sortie-de-secours\" \/><\/a><div class=\"slide-content\"><header class=\"entry-content-header\"><h3 class='slide-entry-title entry-title '  itemprop=\"headline\" ><a href='https:\/\/www.preventact.fr\/pa\/travail-en-zone-atex\/' title='Travail en zone ATEX'>Travail en zone ATEX<\/a><\/h3><span class=\"av-vertical-delimiter\"><\/span><\/header><\/div><footer class=\"entry-footer\"><\/footer><span class='hidden'>\n\t\t\t\t<span class='av-structured-data'  itemprop=\"image\" itemscope=\"itemscope\" itemtype=\"https:\/\/schema.org\/ImageObject\" >\n\t\t\t\t\t\t<span itemprop='url'>https:\/\/www.preventact.fr\/pa\/wp-content\/uploads\/2023\/04\/llumiere-de-signalisation-sortie-de-secours.jpg<\/span>\n\t\t\t\t\t\t<span itemprop='height'>385<\/span>\n\t\t\t\t\t\t<span itemprop='width'>1920<\/span>\n\t\t\t\t<\/span>\n\t\t\t\t<span class='av-structured-data'  itemprop=\"publisher\" itemtype=\"https:\/\/schema.org\/Organization\" itemscope=\"itemscope\" >\n\t\t\t\t\t\t<span itemprop='name'>MZ<\/span>\n\t\t\t\t\t\t<span itemprop='logo' itemscope itemtype='https:\/\/schema.org\/ImageObject'>\n\t\t\t\t\t\t\t<span itemprop='url'>https:\/\/www.preventact.fr\/pa\/wp-content\/uploads\/2024\/02\/pa-logo-2024-k.png<\/span>\n\t\t\t\t\t\t<\/span>\n\t\t\t\t<\/span><span class='av-structured-data'  itemprop=\"author\" itemscope=\"itemscope\" itemtype=\"https:\/\/schema.org\/Person\" ><span itemprop='name'>MZ<\/span><\/span><span class='av-structured-data'  itemprop=\"datePublished\" datetime=\"2014-06-10T15:41:37+01:00\" >2024-01-29 14:53:26<\/span><span class='av-structured-data'  itemprop=\"dateModified\" itemtype=\"https:\/\/schema.org\/dateModified\" >2025-11-17 14:48:56<\/span><span class='av-structured-data'  itemprop=\"mainEntityOfPage\" itemtype=\"https:\/\/schema.org\/mainEntityOfPage\" ><span itemprop='name'>Travail en zone ATEX<\/span><\/span><\/span><\/article><article class='slide-entry flex_column  post-entry post-entry-2037 slide-entry-overview slide-loop-2 slide-parity-even  av_one_third  fake-thumbnail posttype-post post-format-standard'  itemscope=\"itemscope\" itemtype=\"https:\/\/schema.org\/CreativeWork\" ><a href='https:\/\/www.preventact.fr\/pa\/manipulation-des-extincteurs\/' data-rel='slide-1' class='slide-image' title='Manipulation des Extincteurs'><span class='fallback-post-type-icon' aria-hidden='true' data-av_icon='\ue836' data-av_iconfont='entypo-fontello'><\/span><span class='slider-fallback-image'><img loading=\"lazy\" decoding=\"async\" width=\"495\" height=\"385\" src=\"https:\/\/www.preventact.fr\/pa\/wp-content\/uploads\/2023\/04\/llumiere-de-signalisation-sortie-de-secours-495x385.jpg\" class=\"wp-image-1288 avia-img-lazy-loading-1288 attachment-portfolio size-portfolio wp-post-image\" alt=\"lumi\u00e8re-de-signalisation-sortie-de-secours\" \/><\/span><\/a><div class=\"slide-content\"><header class=\"entry-content-header\"><h3 class='slide-entry-title entry-title '  itemprop=\"headline\" ><a href='https:\/\/www.preventact.fr\/pa\/manipulation-des-extincteurs\/' title='Manipulation des Extincteurs'>Manipulation des Extincteurs<\/a><\/h3><span class=\"av-vertical-delimiter\"><\/span><\/header><\/div><footer class=\"entry-footer\"><\/footer><span class='hidden'>\n\t\t\t\t<span class='av-structured-data'  itemprop=\"image\" itemscope=\"itemscope\" itemtype=\"https:\/\/schema.org\/ImageObject\" >\n\t\t\t\t\t\t<span itemprop='url'>https:\/\/www.preventact.fr\/pa\/wp-content\/uploads\/2024\/02\/pa-logo-2024-k.png<\/span>\n\t\t\t\t\t\t<span itemprop='height'>0<\/span>\n\t\t\t\t\t\t<span itemprop='width'>0<\/span>\n\t\t\t\t<\/span>\n\t\t\t\t<span class='av-structured-data'  itemprop=\"publisher\" itemtype=\"https:\/\/schema.org\/Organization\" itemscope=\"itemscope\" >\n\t\t\t\t\t\t<span itemprop='name'>MZ<\/span>\n\t\t\t\t\t\t<span itemprop='logo' itemscope itemtype='https:\/\/schema.org\/ImageObject'>\n\t\t\t\t\t\t\t<span itemprop='url'>https:\/\/www.preventact.fr\/pa\/wp-content\/uploads\/2024\/02\/pa-logo-2024-k.png<\/span>\n\t\t\t\t\t\t<\/span>\n\t\t\t\t<\/span><span class='av-structured-data'  itemprop=\"author\" itemscope=\"itemscope\" itemtype=\"https:\/\/schema.org\/Person\" ><span itemprop='name'>MZ<\/span><\/span><span class='av-structured-data'  itemprop=\"datePublished\" datetime=\"2014-06-10T15:41:37+01:00\" >2024-01-29 11:23:23<\/span><span class='av-structured-data'  itemprop=\"dateModified\" itemtype=\"https:\/\/schema.org\/dateModified\" >2025-11-17 14:50:14<\/span><span class='av-structured-data'  itemprop=\"mainEntityOfPage\" itemtype=\"https:\/\/schema.org\/mainEntityOfPage\" ><span itemprop='name'>Manipulation des Extincteurs<\/span><\/span><\/span><\/article><article class='slide-entry flex_column  post-entry post-entry-1658 slide-entry-overview slide-loop-3 slide-parity-odd  av_one_third  fake-thumbnail posttype-post post-format-standard'  itemscope=\"itemscope\" itemtype=\"https:\/\/schema.org\/CreativeWork\" ><a href='https:\/\/www.preventact.fr\/pa\/guide-file-serre-file\/' data-rel='slide-1' class='slide-image' title='Guide File Serre File'><span class='fallback-post-type-icon' aria-hidden='true' data-av_icon='\ue836' data-av_iconfont='entypo-fontello'><\/span><span class='slider-fallback-image'><img loading=\"lazy\" decoding=\"async\" width=\"495\" height=\"385\" src=\"https:\/\/www.preventact.fr\/pa\/wp-content\/uploads\/2023\/04\/llumiere-de-signalisation-sortie-de-secours-495x385.jpg\" class=\"wp-image-1288 avia-img-lazy-loading-1288 attachment-portfolio size-portfolio wp-post-image\" alt=\"lumi\u00e8re-de-signalisation-sortie-de-secours\" \/><\/span><\/a><div class=\"slide-content\"><header class=\"entry-content-header\"><h3 class='slide-entry-title entry-title '  itemprop=\"headline\" ><a href='https:\/\/www.preventact.fr\/pa\/guide-file-serre-file\/' title='Guide File Serre File'>Guide File Serre File<\/a><\/h3><span class=\"av-vertical-delimiter\"><\/span><\/header><\/div><footer class=\"entry-footer\"><\/footer><span class='hidden'>\n\t\t\t\t<span class='av-structured-data'  itemprop=\"image\" itemscope=\"itemscope\" itemtype=\"https:\/\/schema.org\/ImageObject\" >\n\t\t\t\t\t\t<span itemprop='url'>https:\/\/www.preventact.fr\/pa\/wp-content\/uploads\/2024\/02\/pa-logo-2024-k.png<\/span>\n\t\t\t\t\t\t<span itemprop='height'>0<\/span>\n\t\t\t\t\t\t<span itemprop='width'>0<\/span>\n\t\t\t\t<\/span>\n\t\t\t\t<span class='av-structured-data'  itemprop=\"publisher\" itemtype=\"https:\/\/schema.org\/Organization\" itemscope=\"itemscope\" >\n\t\t\t\t\t\t<span itemprop='name'>MZ<\/span>\n\t\t\t\t\t\t<span itemprop='logo' itemscope itemtype='https:\/\/schema.org\/ImageObject'>\n\t\t\t\t\t\t\t<span itemprop='url'>https:\/\/www.preventact.fr\/pa\/wp-content\/uploads\/2024\/02\/pa-logo-2024-k.png<\/span>\n\t\t\t\t\t\t<\/span>\n\t\t\t\t<\/span><span class='av-structured-data'  itemprop=\"author\" itemscope=\"itemscope\" itemtype=\"https:\/\/schema.org\/Person\" ><span itemprop='name'>MZ<\/span><\/span><span class='av-structured-data'  itemprop=\"datePublished\" datetime=\"2014-06-10T15:41:37+01:00\" >2023-10-24 09:29:49<\/span><span class='av-structured-data'  itemprop=\"dateModified\" itemtype=\"https:\/\/schema.org\/dateModified\" >2025-11-17 14:47:29<\/span><span class='av-structured-data'  itemprop=\"mainEntityOfPage\" itemtype=\"https:\/\/schema.org\/mainEntityOfPage\" ><span itemprop='name'>Guide File Serre File<\/span><\/span><\/span><\/article><\/div><div class=\"slide-entry-wrap\"><article class='slide-entry flex_column  post-entry post-entry-1655 slide-entry-overview slide-loop-4 slide-parity-odd  av_one_third first fake-thumbnail posttype-post post-format-standard'  itemscope=\"itemscope\" itemtype=\"https:\/\/schema.org\/CreativeWork\" ><a href='https:\/\/www.preventact.fr\/pa\/equipier-de-seconde-intervention\/' data-rel='slide-1' class='slide-image' title='Equipier de Seconde Intervention'><span class='fallback-post-type-icon' aria-hidden='true' data-av_icon='\ue836' data-av_iconfont='entypo-fontello'><\/span><span class='slider-fallback-image'><img loading=\"lazy\" decoding=\"async\" width=\"495\" height=\"385\" src=\"https:\/\/www.preventact.fr\/pa\/wp-content\/uploads\/2023\/04\/llumiere-de-signalisation-sortie-de-secours-495x385.jpg\" class=\"wp-image-1288 avia-img-lazy-loading-1288 attachment-portfolio size-portfolio wp-post-image\" alt=\"lumi\u00e8re-de-signalisation-sortie-de-secours\" \/><\/span><\/a><div class=\"slide-content\"><header class=\"entry-content-header\"><h3 class='slide-entry-title entry-title '  itemprop=\"headline\" ><a href='https:\/\/www.preventact.fr\/pa\/equipier-de-seconde-intervention\/' title='Equipier de Seconde Intervention'>Equipier de Seconde Intervention<\/a><\/h3><span class=\"av-vertical-delimiter\"><\/span><\/header><\/div><footer class=\"entry-footer\"><\/footer><span class='hidden'>\n\t\t\t\t<span class='av-structured-data'  itemprop=\"image\" itemscope=\"itemscope\" itemtype=\"https:\/\/schema.org\/ImageObject\" >\n\t\t\t\t\t\t<span itemprop='url'>https:\/\/www.preventact.fr\/pa\/wp-content\/uploads\/2024\/02\/pa-logo-2024-k.png<\/span>\n\t\t\t\t\t\t<span itemprop='height'>0<\/span>\n\t\t\t\t\t\t<span itemprop='width'>0<\/span>\n\t\t\t\t<\/span>\n\t\t\t\t<span class='av-structured-data'  itemprop=\"publisher\" itemtype=\"https:\/\/schema.org\/Organization\" itemscope=\"itemscope\" >\n\t\t\t\t\t\t<span itemprop='name'>MZ<\/span>\n\t\t\t\t\t\t<span itemprop='logo' itemscope itemtype='https:\/\/schema.org\/ImageObject'>\n\t\t\t\t\t\t\t<span itemprop='url'>https:\/\/www.preventact.fr\/pa\/wp-content\/uploads\/2024\/02\/pa-logo-2024-k.png<\/span>\n\t\t\t\t\t\t<\/span>\n\t\t\t\t<\/span><span class='av-structured-data'  itemprop=\"author\" itemscope=\"itemscope\" itemtype=\"https:\/\/schema.org\/Person\" ><span itemprop='name'>MZ<\/span><\/span><span class='av-structured-data'  itemprop=\"datePublished\" datetime=\"2014-06-10T15:41:37+01:00\" >2023-10-23 15:09:59<\/span><span class='av-structured-data'  itemprop=\"dateModified\" itemtype=\"https:\/\/schema.org\/dateModified\" >2025-11-17 14:53:24<\/span><span class='av-structured-data'  itemprop=\"mainEntityOfPage\" itemtype=\"https:\/\/schema.org\/mainEntityOfPage\" ><span itemprop='name'>Equipier de Seconde Intervention<\/span><\/span><\/span><\/article><article class='slide-entry flex_column  post-entry post-entry-1647 slide-entry-overview slide-loop-5 slide-parity-even  post-entry-last  av_one_third  real-thumbnail posttype-post post-format-standard'  itemscope=\"itemscope\" itemtype=\"https:\/\/schema.org\/CreativeWork\" ><a href='https:\/\/www.preventact.fr\/pa\/equipier-de-premiere-intervention\/' data-rel='slide-1' class='slide-image' title='Equipier de Premi\u00e8re Intervention'><img loading=\"lazy\" decoding=\"async\" width=\"495\" height=\"385\" src=\"https:\/\/www.preventact.fr\/pa\/wp-content\/uploads\/2023\/04\/llumiere-de-signalisation-sortie-de-secours-495x385.jpg\" class=\"wp-image-1288 avia-img-lazy-loading-1288 attachment-portfolio size-portfolio wp-post-image\" alt=\"lumi\u00e8re-de-signalisation-sortie-de-secours\" \/><\/a><div class=\"slide-content\"><header class=\"entry-content-header\"><h3 class='slide-entry-title entry-title '  itemprop=\"headline\" ><a href='https:\/\/www.preventact.fr\/pa\/equipier-de-premiere-intervention\/' title='Equipier de Premi\u00e8re Intervention'>Equipier de Premi\u00e8re Intervention<\/a><\/h3><span class=\"av-vertical-delimiter\"><\/span><\/header><\/div><footer class=\"entry-footer\"><\/footer><span class='hidden'>\n\t\t\t\t<span class='av-structured-data'  itemprop=\"image\" itemscope=\"itemscope\" itemtype=\"https:\/\/schema.org\/ImageObject\" >\n\t\t\t\t\t\t<span itemprop='url'>https:\/\/www.preventact.fr\/pa\/wp-content\/uploads\/2023\/04\/llumiere-de-signalisation-sortie-de-secours.jpg<\/span>\n\t\t\t\t\t\t<span itemprop='height'>385<\/span>\n\t\t\t\t\t\t<span itemprop='width'>1920<\/span>\n\t\t\t\t<\/span>\n\t\t\t\t<span class='av-structured-data'  itemprop=\"publisher\" itemtype=\"https:\/\/schema.org\/Organization\" itemscope=\"itemscope\" >\n\t\t\t\t\t\t<span itemprop='name'>MZ<\/span>\n\t\t\t\t\t\t<span itemprop='logo' itemscope itemtype='https:\/\/schema.org\/ImageObject'>\n\t\t\t\t\t\t\t<span itemprop='url'>https:\/\/www.preventact.fr\/pa\/wp-content\/uploads\/2024\/02\/pa-logo-2024-k.png<\/span>\n\t\t\t\t\t\t<\/span>\n\t\t\t\t<\/span><span class='av-structured-data'  itemprop=\"author\" itemscope=\"itemscope\" itemtype=\"https:\/\/schema.org\/Person\" ><span itemprop='name'>MZ<\/span><\/span><span class='av-structured-data'  itemprop=\"datePublished\" datetime=\"2014-06-10T15:41:37+01:00\" >2023-10-23 14:17:44<\/span><span class='av-structured-data'  itemprop=\"dateModified\" itemtype=\"https:\/\/schema.org\/dateModified\" >2025-11-17 14:51:48<\/span><span class='av-structured-data'  itemprop=\"mainEntityOfPage\" itemtype=\"https:\/\/schema.org\/mainEntityOfPage\" ><span itemprop='name'>Equipier de Premi\u00e8re Intervention<\/span><\/span><\/span><\/article><\/div><\/div><\/div>\n","protected":false},"excerpt":{"rendered":"","protected":false},"author":1,"featured_media":0,"parent":0,"menu_order":0,"comment_status":"closed","ping_status":"closed","template":"","meta":{"footnotes":""},"class_list":["post-11","page","type-page","status-publish","hentry"],"_links":{"self":[{"href":"https:\/\/www.preventact.fr\/pa\/wp-json\/wp\/v2\/pages\/11","targetHints":{"allow":["GET"]}}],"collection":[{"href":"https:\/\/www.preventact.fr\/pa\/wp-json\/wp\/v2\/pages"}],"about":[{"href":"https:\/\/www.preventact.fr\/pa\/wp-json\/wp\/v2\/types\/page"}],"author":[{"embeddable":true,"href":"https:\/\/www.preventact.fr\/pa\/wp-json\/wp\/v2\/users\/1"}],"replies":[{"embeddable":true,"href":"https:\/\/www.preventact.fr\/pa\/wp-json\/wp\/v2\/comments?post=11"}],"version-history":[{"count":1,"href":"https:\/\/www.preventact.fr\/pa\/wp-json\/wp\/v2\/pages\/11\/revisions"}],"predecessor-version":[{"id":2182,"href":"https:\/\/www.preventact.fr\/pa\/wp-json\/wp\/v2\/pages\/11\/revisions\/2182"}],"wp:attachment":[{"href":"https:\/\/www.preventact.fr\/pa\/wp-json\/wp\/v2\/media?parent=11"}],"curies":[{"name":"wp","href":"https:\/\/api.w.org\/{rel}","templated":true}]}}