{"id":192,"date":"2020-10-02T06:39:27","date_gmt":"2020-10-02T04:39:27","guid":{"rendered":"https:\/\/www.arf-formation.fr\/arf2\/?page_id=192"},"modified":"2020-10-02T06:39:27","modified_gmt":"2020-10-02T04:39:27","slug":"actualite","status":"publish","type":"page","link":"https:\/\/www.preventact.fr\/pa\/actualite\/","title":{"rendered":"Actualit\u00e9s"},"content":{"rendered":"\n<style type=\"text\/css\" data-created_by=\"avia_inline_auto\" id=\"style-css-av-lc50wpmh-f0f4a7b65e762b16e51fb13bd62811fd\">\n.avia-section.av-lc50wpmh-f0f4a7b65e762b16e51fb13bd62811fd{\nmargin-top:0px;\nmargin-bottom:0px;\n}\n<\/style>\n<div id='av_section_1'  class='avia-section av-lc50wpmh-f0f4a7b65e762b16e51fb13bd62811fd alternate_color avia-section-no-padding avia-no-border-styling  avia-builder-el-0  el_before_av_one_fifth  avia-builder-el-first  avia-bg-style-scroll av-minimum-height av-minimum-height-20 av-height-percent  container_wrap sidebar_right'   data-av_minimum_height_pc='20' data-av_min_height_opt='percent'><div class='container av-section-cont-open' ><main  role=\"main\" itemprop=\"mainContentOfPage\"  class='template-page content  av-content-small alpha units'><div class='post-entry post-entry-type-page post-entry-192'><div class='entry-content-wrapper clearfix'>\n<div class='flex_column_table av-lnmgqw5r-e9f3252ed16de23fc70ac90f5652594e sc-av_one_fifth av-mobile-columns-flex av-columns-individual av-equal-height-column-flextable'>\n<style type=\"text\/css\" data-created_by=\"avia_inline_auto\" id=\"style-css-av-lnmgqw5r-e9f3252ed16de23fc70ac90f5652594e\">\n#top .flex_column_table.av-equal-height-column-flextable.av-lnmgqw5r-e9f3252ed16de23fc70ac90f5652594e{\nmargin-top:0px;\nmargin-bottom:0px;\n}\n.flex_column.av-lnmgqw5r-e9f3252ed16de23fc70ac90f5652594e{\nwidth:18.4%;\nmargin-left:0;\norder:0;\npadding:0 0 0 0;\n}\n#top .flex_column_table.av-equal-height-column-flextable.av-lnmgqw5r-e9f3252ed16de23fc70ac90f5652594e .av-flex-placeholder{\nwidth:2%;\n}\n<\/style>\n<div  class='flex_column av-lnmgqw5r-e9f3252ed16de23fc70ac90f5652594e av_one_fifth  avia-builder-el-1  el_before_av_three_fifth  avia-builder-el-first  first flex_column_table_cell av-equal-height-column av-align-top av-hide-on-mobile av-zero-column-padding  '     ><\/div><div class='av-flex-placeholder'><\/div>\n<style type=\"text\/css\" data-created_by=\"avia_inline_auto\" id=\"style-css-av-rg0tk-3fcfdcb33711d05aa403babf118b49a3\">\n#top .flex_column_table.av-equal-height-column-flextable.av-rg0tk-3fcfdcb33711d05aa403babf118b49a3{\nmargin-top:0px;\nmargin-bottom:0px;\n}\n.flex_column.av-rg0tk-3fcfdcb33711d05aa403babf118b49a3{\nwidth:59.2%;\nmargin-left:0;\norder:0;\n}\n#top .flex_column_table.av-equal-height-column-flextable.av-rg0tk-3fcfdcb33711d05aa403babf118b49a3 .av-flex-placeholder{\nwidth:2%;\n}\n<\/style>\n<div  class='flex_column av-rg0tk-3fcfdcb33711d05aa403babf118b49a3 av_three_fifth  avia-builder-el-3  el_after_av_one_fifth  el_before_av_one_fifth  flex_column_table_cell av-equal-height-column av-align-top  '     ><div  data-slideshow-options=\"{&quot;animation&quot;:&quot;fade&quot;,&quot;autoplay&quot;:false,&quot;loop_autoplay&quot;:&quot;once&quot;,&quot;interval&quot;:5,&quot;loop_manual&quot;:&quot;manual-endless&quot;,&quot;autoplay_stopper&quot;:false,&quot;noNavigation&quot;:false,&quot;show_slide_delay&quot;:90}\" class='avia-content-slider avia-content-grid-active avia-content-slider1 avia-content-slider-odd  avia-builder-el-4  avia-builder-el-no-sibling  av-slideshow-ui av-control-default   av-no-slider-navigation av-slideshow-manual av-loop-once av-loop-manual-endless '  itemscope=\"itemscope\" itemtype=\"https:\/\/schema.org\/Blog\" ><div class=\"avia-content-slider-inner\"><div class=\"slide-entry-wrap\"><article class='slide-entry flex_column  post-entry post-entry-1804 slide-entry-overview slide-loop-1 slide-parity-odd  post-entry-last  av_fullwidth first real-thumbnail posttype-post post-format-standard'  itemscope=\"itemscope\" itemtype=\"https:\/\/schema.org\/CreativeWork\" ><a href='https:\/\/www.preventact.fr\/pa\/taux-de-reussite-aux-formations-certificatives\/' data-rel='slide-1' class='slide-image' title='Formations certificatives &#8211; Taux de r\u00e9ussite 2024'><img loading=\"lazy\" decoding=\"async\" width=\"1400\" height=\"705\" src=\"https:\/\/www.preventact.fr\/pa\/wp-content\/uploads\/2024\/01\/taux-de-reussite-certification-2.jpg\" class=\"wp-image-1861 avia-img-lazy-loading-1861 attachment-no scaling size-no scaling wp-post-image\" alt=\"graphique de r\u00e9ussite de certification\" srcset=\"https:\/\/www.preventact.fr\/pa\/wp-content\/uploads\/2024\/01\/taux-de-reussite-certification-2.jpg 1400w, https:\/\/www.preventact.fr\/pa\/wp-content\/uploads\/2024\/01\/taux-de-reussite-certification-2-300x151.jpg 300w, https:\/\/www.preventact.fr\/pa\/wp-content\/uploads\/2024\/01\/taux-de-reussite-certification-2-1030x519.jpg 1030w, https:\/\/www.preventact.fr\/pa\/wp-content\/uploads\/2024\/01\/taux-de-reussite-certification-2-705x355.jpg 705w\" sizes=\"auto, (max-width: 1400px) 100vw, 1400px\" \/><\/a><div class=\"slide-content\"><header class=\"entry-content-header\"><h3 class='slide-entry-title entry-title '  itemprop=\"headline\" ><a href='https:\/\/www.preventact.fr\/pa\/taux-de-reussite-aux-formations-certificatives\/' title='Formations certificatives &#8211; Taux de r\u00e9ussite 2024'>Formations certificatives &#8211; Taux de r\u00e9ussite 2024<\/a><\/h3><span class=\"av-vertical-delimiter\"><\/span><\/header><div class=\"slide-meta\"><time class='slide-meta-time updated'  itemprop=\"datePublished\" datetime=\"2025-01-10T11:50:00+01:00\" >10\/01\/2025<\/time><\/div><div class='slide-entry-excerpt entry-content'  itemprop=\"text\" ><div class=\"read-more-link\"><a href=\"https:\/\/www.preventact.fr\/pa\/taux-de-reussite-aux-formations-certificatives\/\" class=\"more-link\">Lire la suite<span class=\"more-link-arrow\"><\/span><\/a><\/div><\/div><\/div><footer class=\"entry-footer\"><\/footer><span class='hidden'>\n\t\t\t\t<span class='av-structured-data'  itemprop=\"image\" itemscope=\"itemscope\" itemtype=\"https:\/\/schema.org\/ImageObject\" >\n\t\t\t\t\t\t<span itemprop='url'>https:\/\/www.preventact.fr\/pa\/wp-content\/uploads\/2024\/01\/taux-de-reussite-certification-2.jpg<\/span>\n\t\t\t\t\t\t<span itemprop='height'>705<\/span>\n\t\t\t\t\t\t<span itemprop='width'>1400<\/span>\n\t\t\t\t<\/span>\n\t\t\t\t<span class='av-structured-data'  itemprop=\"publisher\" itemtype=\"https:\/\/schema.org\/Organization\" itemscope=\"itemscope\" >\n\t\t\t\t\t\t<span itemprop='name'>MZ<\/span>\n\t\t\t\t\t\t<span itemprop='logo' itemscope itemtype='https:\/\/schema.org\/ImageObject'>\n\t\t\t\t\t\t\t<span itemprop='url'>https:\/\/www.preventact.fr\/pa\/wp-content\/uploads\/2024\/02\/pa-logo-2024-k.png<\/span>\n\t\t\t\t\t\t<\/span>\n\t\t\t\t<\/span><span class='av-structured-data'  itemprop=\"author\" itemscope=\"itemscope\" itemtype=\"https:\/\/schema.org\/Person\" ><span itemprop='name'>MZ<\/span><\/span><span class='av-structured-data'  itemprop=\"datePublished\" datetime=\"2020-10-02T06:39:27+01:00\" >2025-01-10 11:50:00<\/span><span class='av-structured-data'  itemprop=\"dateModified\" itemtype=\"https:\/\/schema.org\/dateModified\" >2025-10-24 08:51:35<\/span><span class='av-structured-data'  itemprop=\"mainEntityOfPage\" itemtype=\"https:\/\/schema.org\/mainEntityOfPage\" ><span itemprop='name'>Formations certificatives &#8211; Taux de r\u00e9ussite 2024<\/span><\/span><\/span><\/article><\/div><\/div><\/div><\/div><div class='av-flex-placeholder'><\/div>\n<style type=\"text\/css\" data-created_by=\"avia_inline_auto\" id=\"style-css-av-mc580-c2a53420f58ce926b7920b5105d49e3f\">\n#top .flex_column_table.av-equal-height-column-flextable.av-mc580-c2a53420f58ce926b7920b5105d49e3f{\nmargin-top:0px;\nmargin-bottom:0px;\n}\n.flex_column.av-mc580-c2a53420f58ce926b7920b5105d49e3f{\nwidth:18.4%;\nmargin-left:0;\norder:0;\n}\n#top .flex_column_table.av-equal-height-column-flextable.av-mc580-c2a53420f58ce926b7920b5105d49e3f .av-flex-placeholder{\nwidth:2%;\n}\n<\/style>\n<div  class='flex_column av-mc580-c2a53420f58ce926b7920b5105d49e3f av_one_fifth  avia-builder-el-5  el_after_av_three_fifth  avia-builder-el-last  flex_column_table_cell av-equal-height-column av-align-top av-hide-on-mobile  '     ><\/div><\/div><!--close column table wrapper. Autoclose: 1 -->\n<\/div><\/div><\/main><!-- close content main element --><\/div><\/div><div id='after_section_1'  class='main_color av_default_container_wrap container_wrap sidebar_right'  ><div class='container av-section-cont-open' ><div class='template-page content  av-content-small alpha units'><div class='post-entry post-entry-type-page post-entry-192'><div class='entry-content-wrapper clearfix'>\n<div class='flex_column_table av-lnmgro2b-68ac2ef8bad1c194e08d2d58fc4ca406 sc-av_one_fifth av-equal-height-column-flextable'>\n<style type=\"text\/css\" data-created_by=\"avia_inline_auto\" id=\"style-css-av-lnmgro2b-68ac2ef8bad1c194e08d2d58fc4ca406\">\n.flex_column.av-lnmgro2b-68ac2ef8bad1c194e08d2d58fc4ca406{\npadding:25px 0 0 0;\n}\n<\/style>\n<div  class='flex_column av-lnmgro2b-68ac2ef8bad1c194e08d2d58fc4ca406 av_one_fifth  avia-builder-el-6  el_after_av_section  el_before_av_three_fifth  avia-builder-el-first  first no_margin flex_column_table_cell av-equal-height-column av-align-top av-animated-generic bottom-to-top av-hide-on-mobile  '     ><\/div>\n\n<style type=\"text\/css\" data-created_by=\"avia_inline_auto\" id=\"style-css-av-ez9q8-da724aedda14c0ef8844d7e5e68817fa\">\n.flex_column.av-ez9q8-da724aedda14c0ef8844d7e5e68817fa{\npadding:0 25px 0 0;\n}\n<\/style>\n<div  class='flex_column av-ez9q8-da724aedda14c0ef8844d7e5e68817fa av_three_fifth  avia-builder-el-7  el_after_av_one_fifth  avia-builder-el-last  no_margin flex_column_table_cell av-equal-height-column av-align-top  '     ><div  data-slideshow-options=\"{&quot;animation&quot;:&quot;fade&quot;,&quot;autoplay&quot;:false,&quot;loop_autoplay&quot;:&quot;once&quot;,&quot;interval&quot;:5,&quot;loop_manual&quot;:&quot;manual-endless&quot;,&quot;autoplay_stopper&quot;:false,&quot;noNavigation&quot;:false,&quot;show_slide_delay&quot;:90}\" class='avia-content-slider avia-content-grid-active avia-content-slider2 avia-content-slider-even  avia-builder-el-8  avia-builder-el-no-sibling  av-slideshow-ui av-control-default   av-no-slider-navigation av-slideshow-manual av-loop-once av-loop-manual-endless '  itemscope=\"itemscope\" itemtype=\"https:\/\/schema.org\/Blog\" ><div class=\"avia-content-slider-inner\"><div class=\"slide-entry-wrap\"><article class='slide-entry flex_column  post-entry post-entry-2095 slide-entry-overview slide-loop-1 slide-parity-odd  av_one_half first real-thumbnail posttype-post post-format-standard'  itemscope=\"itemscope\" itemtype=\"https:\/\/schema.org\/CreativeWork\" ><a href='https:\/\/www.preventact.fr\/pa\/satisfaction-2023\/' data-rel='slide-2' class='slide-image' title='Satisfaction &#8211; Chiffres 2024'><img loading=\"lazy\" decoding=\"async\" width=\"1400\" height=\"705\" src=\"https:\/\/www.preventact.fr\/pa\/wp-content\/uploads\/2022\/10\/Satisfaction-du-public-forme.jpg\" class=\"wp-image-1825 avia-img-lazy-loading-1825 attachment-no scaling size-no scaling wp-post-image\" alt=\"Satisfaction du public form\u00e9\" srcset=\"https:\/\/www.preventact.fr\/pa\/wp-content\/uploads\/2022\/10\/Satisfaction-du-public-forme.jpg 1400w, https:\/\/www.preventact.fr\/pa\/wp-content\/uploads\/2022\/10\/Satisfaction-du-public-forme-300x151.jpg 300w, https:\/\/www.preventact.fr\/pa\/wp-content\/uploads\/2022\/10\/Satisfaction-du-public-forme-1030x519.jpg 1030w, https:\/\/www.preventact.fr\/pa\/wp-content\/uploads\/2022\/10\/Satisfaction-du-public-forme-705x355.jpg 705w\" sizes=\"auto, (max-width: 1400px) 100vw, 1400px\" \/><\/a><div class=\"slide-content\"><header class=\"entry-content-header\"><h3 class='slide-entry-title entry-title '  itemprop=\"headline\" ><a href='https:\/\/www.preventact.fr\/pa\/satisfaction-2023\/' title='Satisfaction &#8211; Chiffres 2024'>Satisfaction &#8211; Chiffres 2024<\/a><\/h3><span class=\"av-vertical-delimiter\"><\/span><\/header><div class=\"slide-meta\"><time class='slide-meta-time updated'  itemprop=\"datePublished\" datetime=\"2025-01-09T09:23:00+01:00\" >09\/01\/2025<\/time><\/div><div class='slide-entry-excerpt entry-content'  itemprop=\"text\" ><div class=\"read-more-link\"><a href=\"https:\/\/www.preventact.fr\/pa\/satisfaction-2023\/\" class=\"more-link\">Lire la suite<span class=\"more-link-arrow\"><\/span><\/a><\/div><\/div><\/div><footer class=\"entry-footer\"><\/footer><span class='hidden'>\n\t\t\t\t<span class='av-structured-data'  itemprop=\"image\" itemscope=\"itemscope\" itemtype=\"https:\/\/schema.org\/ImageObject\" >\n\t\t\t\t\t\t<span itemprop='url'>https:\/\/www.preventact.fr\/pa\/wp-content\/uploads\/2022\/10\/Satisfaction-du-public-forme.jpg<\/span>\n\t\t\t\t\t\t<span itemprop='height'>705<\/span>\n\t\t\t\t\t\t<span itemprop='width'>1400<\/span>\n\t\t\t\t<\/span>\n\t\t\t\t<span class='av-structured-data'  itemprop=\"publisher\" itemtype=\"https:\/\/schema.org\/Organization\" itemscope=\"itemscope\" >\n\t\t\t\t\t\t<span itemprop='name'>MZ<\/span>\n\t\t\t\t\t\t<span itemprop='logo' itemscope itemtype='https:\/\/schema.org\/ImageObject'>\n\t\t\t\t\t\t\t<span itemprop='url'>https:\/\/www.preventact.fr\/pa\/wp-content\/uploads\/2024\/02\/pa-logo-2024-k.png<\/span>\n\t\t\t\t\t\t<\/span>\n\t\t\t\t<\/span><span class='av-structured-data'  itemprop=\"author\" itemscope=\"itemscope\" itemtype=\"https:\/\/schema.org\/Person\" ><span itemprop='name'>MZ<\/span><\/span><span class='av-structured-data'  itemprop=\"datePublished\" datetime=\"2020-10-02T06:39:27+01:00\" >2025-01-09 09:23:00<\/span><span class='av-structured-data'  itemprop=\"dateModified\" itemtype=\"https:\/\/schema.org\/dateModified\" >2025-10-07 15:03:58<\/span><span class='av-structured-data'  itemprop=\"mainEntityOfPage\" itemtype=\"https:\/\/schema.org\/mainEntityOfPage\" ><span itemprop='name'>Satisfaction &#8211; Chiffres 2024<\/span><\/span><\/span><\/article><article class='slide-entry flex_column  post-entry post-entry-500 slide-entry-overview slide-loop-2 slide-parity-even  av_one_half  real-thumbnail posttype-post post-format-standard'  itemscope=\"itemscope\" itemtype=\"https:\/\/schema.org\/CreativeWork\" ><a href='https:\/\/www.preventact.fr\/pa\/accessibilite-aux-travailleurs-handicapes-2\/' data-rel='slide-2' class='slide-image' title='Accessibilit\u00e9 aux travailleurs handicap\u00e9s'><img loading=\"lazy\" decoding=\"async\" width=\"1400\" height=\"705\" src=\"https:\/\/www.preventact.fr\/pa\/wp-content\/uploads\/2024\/01\/post-featured.jpg\" class=\"wp-image-1824 avia-img-lazy-loading-1824 attachment-no scaling size-no scaling wp-post-image\" alt=\"Pictogrammes formations accessibles aux personnes avec handicap.\" srcset=\"https:\/\/www.preventact.fr\/pa\/wp-content\/uploads\/2024\/01\/post-featured.jpg 1400w, https:\/\/www.preventact.fr\/pa\/wp-content\/uploads\/2024\/01\/post-featured-300x151.jpg 300w, https:\/\/www.preventact.fr\/pa\/wp-content\/uploads\/2024\/01\/post-featured-1030x519.jpg 1030w, https:\/\/www.preventact.fr\/pa\/wp-content\/uploads\/2024\/01\/post-featured-705x355.jpg 705w\" sizes=\"auto, (max-width: 1400px) 100vw, 1400px\" \/><\/a><div class=\"slide-content\"><header class=\"entry-content-header\"><h3 class='slide-entry-title entry-title '  itemprop=\"headline\" ><a href='https:\/\/www.preventact.fr\/pa\/accessibilite-aux-travailleurs-handicapes-2\/' title='Accessibilit\u00e9 aux travailleurs handicap\u00e9s'>Accessibilit\u00e9 aux travailleurs handicap\u00e9s<\/a><\/h3><span class=\"av-vertical-delimiter\"><\/span><\/header><div class=\"slide-meta\"><time class='slide-meta-time updated'  itemprop=\"datePublished\" datetime=\"2022-11-22T16:58:31+01:00\" >22\/11\/2022<\/time><\/div><div class='slide-entry-excerpt entry-content'  itemprop=\"text\" ><div class=\"read-more-link\"><a href=\"https:\/\/www.preventact.fr\/pa\/accessibilite-aux-travailleurs-handicapes-2\/\" class=\"more-link\">Lire la suite<span class=\"more-link-arrow\"><\/span><\/a><\/div><\/div><\/div><footer class=\"entry-footer\"><\/footer><span class='hidden'>\n\t\t\t\t<span class='av-structured-data'  itemprop=\"image\" itemscope=\"itemscope\" itemtype=\"https:\/\/schema.org\/ImageObject\" >\n\t\t\t\t\t\t<span itemprop='url'>https:\/\/www.preventact.fr\/pa\/wp-content\/uploads\/2024\/01\/post-featured.jpg<\/span>\n\t\t\t\t\t\t<span itemprop='height'>705<\/span>\n\t\t\t\t\t\t<span itemprop='width'>1400<\/span>\n\t\t\t\t<\/span>\n\t\t\t\t<span class='av-structured-data'  itemprop=\"publisher\" itemtype=\"https:\/\/schema.org\/Organization\" itemscope=\"itemscope\" >\n\t\t\t\t\t\t<span itemprop='name'>MZ<\/span>\n\t\t\t\t\t\t<span itemprop='logo' itemscope itemtype='https:\/\/schema.org\/ImageObject'>\n\t\t\t\t\t\t\t<span itemprop='url'>https:\/\/www.preventact.fr\/pa\/wp-content\/uploads\/2024\/02\/pa-logo-2024-k.png<\/span>\n\t\t\t\t\t\t<\/span>\n\t\t\t\t<\/span><span class='av-structured-data'  itemprop=\"author\" itemscope=\"itemscope\" itemtype=\"https:\/\/schema.org\/Person\" ><span itemprop='name'>MZ<\/span><\/span><span class='av-structured-data'  itemprop=\"datePublished\" datetime=\"2020-10-02T06:39:27+01:00\" >2022-11-22 16:58:31<\/span><span class='av-structured-data'  itemprop=\"dateModified\" itemtype=\"https:\/\/schema.org\/dateModified\" >2022-11-22 16:58:31<\/span><span class='av-structured-data'  itemprop=\"mainEntityOfPage\" itemtype=\"https:\/\/schema.org\/mainEntityOfPage\" ><span itemprop='name'>Accessibilit\u00e9 aux travailleurs handicap\u00e9s<\/span><\/span><\/span><\/article><\/div><div class=\"slide-entry-wrap\"><article class='slide-entry flex_column  post-entry post-entry-224 slide-entry-overview slide-loop-3 slide-parity-odd  av_one_half first fake-thumbnail posttype-post post-format-standard'  itemscope=\"itemscope\" itemtype=\"https:\/\/schema.org\/CreativeWork\" ><a href='https:\/\/www.preventact.fr\/pa\/taux-de-reussite-aux-formations-certificatives-en-2021\/' data-rel='slide-2' class='slide-image' title='Taux de r\u00e9ussite aux formations certificatives en 2021'><span class='fallback-post-type-icon' aria-hidden='true' data-av_icon='\ue836' data-av_iconfont='entypo-fontello'><\/span><span class='slider-fallback-image'><img loading=\"lazy\" decoding=\"async\" width=\"1400\" height=\"705\" src=\"https:\/\/www.preventact.fr\/pa\/wp-content\/uploads\/2024\/01\/post-featured.jpg\" class=\"wp-image-1824 avia-img-lazy-loading-1824 attachment-no scaling size-no scaling wp-post-image\" alt=\"Pictogrammes formations accessibles aux personnes avec handicap.\" srcset=\"https:\/\/www.preventact.fr\/pa\/wp-content\/uploads\/2024\/01\/post-featured.jpg 1400w, https:\/\/www.preventact.fr\/pa\/wp-content\/uploads\/2024\/01\/post-featured-300x151.jpg 300w, https:\/\/www.preventact.fr\/pa\/wp-content\/uploads\/2024\/01\/post-featured-1030x519.jpg 1030w, https:\/\/www.preventact.fr\/pa\/wp-content\/uploads\/2024\/01\/post-featured-705x355.jpg 705w\" sizes=\"auto, (max-width: 1400px) 100vw, 1400px\" \/><\/span><\/a><div class=\"slide-content\"><header class=\"entry-content-header\"><h3 class='slide-entry-title entry-title '  itemprop=\"headline\" ><a href='https:\/\/www.preventact.fr\/pa\/taux-de-reussite-aux-formations-certificatives-en-2021\/' title='Taux de r\u00e9ussite aux formations certificatives en 2021'>Taux de r\u00e9ussite aux formations certificatives en 2021<\/a><\/h3><span class=\"av-vertical-delimiter\"><\/span><\/header><div class=\"slide-meta\"><time class='slide-meta-time updated'  itemprop=\"datePublished\" datetime=\"2022-10-13T15:30:41+01:00\" >13\/10\/2022<\/time><\/div><div class='slide-entry-excerpt entry-content'  itemprop=\"text\" ><div class=\"read-more-link\"><a href=\"https:\/\/www.preventact.fr\/pa\/taux-de-reussite-aux-formations-certificatives-en-2021\/\" class=\"more-link\">Lire la suite<span class=\"more-link-arrow\"><\/span><\/a><\/div><\/div><\/div><footer class=\"entry-footer\"><\/footer><span class='hidden'>\n\t\t\t\t<span class='av-structured-data'  itemprop=\"image\" itemscope=\"itemscope\" itemtype=\"https:\/\/schema.org\/ImageObject\" >\n\t\t\t\t\t\t<span itemprop='url'>https:\/\/www.preventact.fr\/pa\/wp-content\/uploads\/2024\/02\/pa-logo-2024-k.png<\/span>\n\t\t\t\t\t\t<span itemprop='height'>0<\/span>\n\t\t\t\t\t\t<span itemprop='width'>0<\/span>\n\t\t\t\t<\/span>\n\t\t\t\t<span class='av-structured-data'  itemprop=\"publisher\" itemtype=\"https:\/\/schema.org\/Organization\" itemscope=\"itemscope\" >\n\t\t\t\t\t\t<span itemprop='name'>Prevent Act<\/span>\n\t\t\t\t\t\t<span itemprop='logo' itemscope itemtype='https:\/\/schema.org\/ImageObject'>\n\t\t\t\t\t\t\t<span itemprop='url'>https:\/\/www.preventact.fr\/pa\/wp-content\/uploads\/2024\/02\/pa-logo-2024-k.png<\/span>\n\t\t\t\t\t\t<\/span>\n\t\t\t\t<\/span><span class='av-structured-data'  itemprop=\"author\" itemscope=\"itemscope\" itemtype=\"https:\/\/schema.org\/Person\" ><span itemprop='name'>Prevent Act<\/span><\/span><span class='av-structured-data'  itemprop=\"datePublished\" datetime=\"2020-10-02T06:39:27+01:00\" >2022-10-13 15:30:41<\/span><span class='av-structured-data'  itemprop=\"dateModified\" itemtype=\"https:\/\/schema.org\/dateModified\" >2022-10-13 13:25:51<\/span><span class='av-structured-data'  itemprop=\"mainEntityOfPage\" itemtype=\"https:\/\/schema.org\/mainEntityOfPage\" ><span itemprop='name'>Taux de r\u00e9ussite aux formations certificatives en 2021<\/span><\/span><\/span><\/article><article class='slide-entry flex_column  post-entry post-entry-202 slide-entry-overview slide-loop-4 slide-parity-even  post-entry-last  av_one_half  fake-thumbnail posttype-post post-format-standard'  itemscope=\"itemscope\" itemtype=\"https:\/\/schema.org\/CreativeWork\" ><a href='https:\/\/www.preventact.fr\/pa\/nos-clients-sont-satisfaits\/' data-rel='slide-2' class='slide-image' title='Votre satisfaction et votre s\u00e9curit\u00e9 : nos priorit\u00e9s.'><span class='fallback-post-type-icon' aria-hidden='true' data-av_icon='\ue836' data-av_iconfont='entypo-fontello'><\/span><span class='slider-fallback-image'><img loading=\"lazy\" decoding=\"async\" width=\"1400\" height=\"705\" src=\"https:\/\/www.preventact.fr\/pa\/wp-content\/uploads\/2024\/01\/post-featured.jpg\" class=\"wp-image-1824 avia-img-lazy-loading-1824 attachment-no scaling size-no scaling wp-post-image\" alt=\"Pictogrammes formations accessibles aux personnes avec handicap.\" srcset=\"https:\/\/www.preventact.fr\/pa\/wp-content\/uploads\/2024\/01\/post-featured.jpg 1400w, https:\/\/www.preventact.fr\/pa\/wp-content\/uploads\/2024\/01\/post-featured-300x151.jpg 300w, https:\/\/www.preventact.fr\/pa\/wp-content\/uploads\/2024\/01\/post-featured-1030x519.jpg 1030w, https:\/\/www.preventact.fr\/pa\/wp-content\/uploads\/2024\/01\/post-featured-705x355.jpg 705w\" sizes=\"auto, (max-width: 1400px) 100vw, 1400px\" \/><\/span><\/a><div class=\"slide-content\"><header class=\"entry-content-header\"><h3 class='slide-entry-title entry-title '  itemprop=\"headline\" ><a href='https:\/\/www.preventact.fr\/pa\/nos-clients-sont-satisfaits\/' title='Votre satisfaction et votre s\u00e9curit\u00e9 : nos priorit\u00e9s.'>Votre satisfaction et votre s\u00e9curit\u00e9 : nos priorit\u00e9s.<\/a><\/h3><span class=\"av-vertical-delimiter\"><\/span><\/header><div class=\"slide-meta\"><time class='slide-meta-time updated'  itemprop=\"datePublished\" datetime=\"2022-10-13T14:45:49+01:00\" >13\/10\/2022<\/time><\/div><div class='slide-entry-excerpt entry-content'  itemprop=\"text\" ><div class=\"read-more-link\"><a href=\"https:\/\/www.preventact.fr\/pa\/nos-clients-sont-satisfaits\/\" class=\"more-link\">Lire la suite<span class=\"more-link-arrow\"><\/span><\/a><\/div><\/div><\/div><footer class=\"entry-footer\"><\/footer><span class='hidden'>\n\t\t\t\t<span class='av-structured-data'  itemprop=\"image\" itemscope=\"itemscope\" itemtype=\"https:\/\/schema.org\/ImageObject\" >\n\t\t\t\t\t\t<span itemprop='url'>https:\/\/www.preventact.fr\/pa\/wp-content\/uploads\/2024\/02\/pa-logo-2024-k.png<\/span>\n\t\t\t\t\t\t<span itemprop='height'>0<\/span>\n\t\t\t\t\t\t<span itemprop='width'>0<\/span>\n\t\t\t\t<\/span>\n\t\t\t\t<span class='av-structured-data'  itemprop=\"publisher\" itemtype=\"https:\/\/schema.org\/Organization\" itemscope=\"itemscope\" >\n\t\t\t\t\t\t<span itemprop='name'>Prevent Act<\/span>\n\t\t\t\t\t\t<span itemprop='logo' itemscope itemtype='https:\/\/schema.org\/ImageObject'>\n\t\t\t\t\t\t\t<span itemprop='url'>https:\/\/www.preventact.fr\/pa\/wp-content\/uploads\/2024\/02\/pa-logo-2024-k.png<\/span>\n\t\t\t\t\t\t<\/span>\n\t\t\t\t<\/span><span class='av-structured-data'  itemprop=\"author\" itemscope=\"itemscope\" itemtype=\"https:\/\/schema.org\/Person\" ><span itemprop='name'>Prevent Act<\/span><\/span><span class='av-structured-data'  itemprop=\"datePublished\" datetime=\"2020-10-02T06:39:27+01:00\" >2022-10-13 14:45:49<\/span><span class='av-structured-data'  itemprop=\"dateModified\" itemtype=\"https:\/\/schema.org\/dateModified\" >2022-10-13 13:44:42<\/span><span class='av-structured-data'  itemprop=\"mainEntityOfPage\" itemtype=\"https:\/\/schema.org\/mainEntityOfPage\" ><span itemprop='name'>Votre satisfaction et votre s\u00e9curit\u00e9 : nos priorit\u00e9s.<\/span><\/span><\/span><\/article><\/div><\/div><div class='pagination-wrap pagination-slider'><nav class='pagination'><span class='pagination-meta'>Page 1 sur 3<\/span><span class='current'>1<\/span><a href='https:\/\/www.preventact.fr\/pa\/wp-json\/wp\/v2\/pages\/192\/?avia-element-paging=2' class='inactive next_page' >2<\/a><a href='https:\/\/www.preventact.fr\/pa\/wp-json\/wp\/v2\/pages\/192\/?avia-element-paging=3' class='inactive' >3<\/a><\/nav>\n<\/div><\/div><\/div><\/div><!--close column table wrapper. Autoclose: 1 -->\n","protected":false},"excerpt":{"rendered":"","protected":false},"author":1,"featured_media":0,"parent":0,"menu_order":1,"comment_status":"closed","ping_status":"closed","template":"","meta":{"footnotes":""},"class_list":["post-192","page","type-page","status-publish","hentry"],"_links":{"self":[{"href":"https:\/\/www.preventact.fr\/pa\/wp-json\/wp\/v2\/pages\/192","targetHints":{"allow":["GET"]}}],"collection":[{"href":"https:\/\/www.preventact.fr\/pa\/wp-json\/wp\/v2\/pages"}],"about":[{"href":"https:\/\/www.preventact.fr\/pa\/wp-json\/wp\/v2\/types\/page"}],"author":[{"embeddable":true,"href":"https:\/\/www.preventact.fr\/pa\/wp-json\/wp\/v2\/users\/1"}],"replies":[{"embeddable":true,"href":"https:\/\/www.preventact.fr\/pa\/wp-json\/wp\/v2\/comments?post=192"}],"version-history":[{"count":0,"href":"https:\/\/www.preventact.fr\/pa\/wp-json\/wp\/v2\/pages\/192\/revisions"}],"wp:attachment":[{"href":"https:\/\/www.preventact.fr\/pa\/wp-json\/wp\/v2\/media?parent=192"}],"curies":[{"name":"wp","href":"https:\/\/api.w.org\/{rel}","templated":true}]}}