{"id":21,"date":"2014-06-10T16:17:21","date_gmt":"2014-06-10T15:17:21","guid":{"rendered":"http:\/\/www.preventact.fr\/pa\/?page_id=21"},"modified":"2024-03-14T05:05:06","modified_gmt":"2024-03-14T04:05:06","slug":"contact","status":"publish","type":"page","link":"https:\/\/www.preventact.fr\/pa\/contact\/","title":{"rendered":"Contact"},"content":{"rendered":"\n<style type=\"text\/css\" data-created_by=\"avia_inline_auto\" id=\"style-css-av-3w1ap-da835ebcabaa2071553df6d52c253dae\">\n.avia-section.av-3w1ap-da835ebcabaa2071553df6d52c253dae{\nbackground-repeat:no-repeat;\nbackground-image:url(https:\/\/www.preventact.fr\/pa\/wp-content\/uploads\/2023\/02\/Amiante-2.jpg);\nbackground-position:50% 50%;\nbackground-attachment:scroll;\nmargin-top:0;\nmargin-bottom:0;\n}\n.avia-section.av-3w1ap-da835ebcabaa2071553df6d52c253dae .av-section-color-overlay{\nopacity:0.6;\nbackground-color:#000000;\n}\n<\/style>\n<div id='av_section_1'  class='avia-section av-3w1ap-da835ebcabaa2071553df6d52c253dae main_color avia-section-default avia-no-border-styling  avia-builder-el-0  el_before_av_one_fifth  avia-builder-el-first  avia-bg-style-scroll av-section-color-overlay-active av-minimum-height av-minimum-height-custom av-height-custom  container_wrap sidebar_right'  data-section-bg-repeat='no-repeat' data-av_minimum_height_px='350'><div class=\"av-section-color-overlay-wrap\"><div class=\"av-section-color-overlay\"><\/div><div class='container av-section-cont-open' style='height:350px'><main  role=\"main\" itemprop=\"mainContentOfPage\"  class='template-page content  av-content-small alpha units'><div class='post-entry post-entry-type-page post-entry-21'><div class='entry-content-wrapper clearfix'>\n\n<style type=\"text\/css\" data-created_by=\"avia_inline_auto\" id=\"style-css-av-lh1021eh-cc7d98c152ef9666d2a67fefd77d5a8c\">\n#top .av-special-heading.av-lh1021eh-cc7d98c152ef9666d2a67fefd77d5a8c{\npadding-bottom:10px;\ncolor:#fff087;\n}\nbody .av-special-heading.av-lh1021eh-cc7d98c152ef9666d2a67fefd77d5a8c .av-special-heading-tag .heading-char{\nfont-size:25px;\n}\n#top #wrap_all .av-special-heading.av-lh1021eh-cc7d98c152ef9666d2a67fefd77d5a8c .av-special-heading-tag{\npadding:2rem 0 0 0;\n}\n.av-special-heading.av-lh1021eh-cc7d98c152ef9666d2a67fefd77d5a8c .special-heading-inner-border{\nborder-color:rgba(0,0,0,0.01);\n}\n.av-special-heading.av-lh1021eh-cc7d98c152ef9666d2a67fefd77d5a8c .av-subheading{\nfont-size:15px;\ncolor:#ffffff;\n}\nbody .av-special-heading.av-lh1021eh-cc7d98c152ef9666d2a67fefd77d5a8c .av-special-heading-tag .heading-wrap:before{\nborder-color:rgba(0,0,0,0.01);\n}\nbody .av-special-heading.av-lh1021eh-cc7d98c152ef9666d2a67fefd77d5a8c .av-special-heading-tag .heading-wrap:after{\nborder-color:rgba(0,0,0,0.01);\n}\n<\/style>\n<div  class='av-special-heading av-lh1021eh-cc7d98c152ef9666d2a67fefd77d5a8c av-special-heading-h1 custom-color-heading blockquote elegant-quote elegant-centered  avia-builder-el-1  avia-builder-el-no-sibling '><h1 class='av-special-heading-tag'  itemprop=\"headline\"  ><span class=\"heading-wrap\">Nous contacter<\/span><\/h1><div class=\"special-heading-border\"><div class=\"special-heading-inner-border\"><\/div><\/div><\/div>\n<\/div><\/div><\/main><!-- close content main element --><\/div><\/div><\/div><div id='after_section_1'  class='main_color av_default_container_wrap container_wrap sidebar_right'  ><div class='container av-section-cont-open' ><div class='template-page content  av-content-small alpha units'><div class='post-entry post-entry-type-page post-entry-21'><div class='entry-content-wrapper clearfix'>\n<div class='flex_column_table av-lrpr0q87-5dd9f71fffad9b0722acc0661299cb0b sc-av_one_fifth av-equal-height-column-flextable'>\n<style type=\"text\/css\" data-created_by=\"avia_inline_auto\" id=\"style-css-av-lrpr0q87-5dd9f71fffad9b0722acc0661299cb0b\">\n#top .flex_column_table.av-equal-height-column-flextable.av-lrpr0q87-5dd9f71fffad9b0722acc0661299cb0b{\nmargin-top:25px;\nmargin-bottom:0px;\n}\n.flex_column.av-lrpr0q87-5dd9f71fffad9b0722acc0661299cb0b{\nwidth:18.4%;\nmargin-left:0;\n}\n#top .flex_column_table.av-equal-height-column-flextable.av-lrpr0q87-5dd9f71fffad9b0722acc0661299cb0b .av-flex-placeholder{\nwidth:2%;\n}\n<\/style>\n<div  class='flex_column av-lrpr0q87-5dd9f71fffad9b0722acc0661299cb0b av_one_fifth  avia-builder-el-2  el_after_av_section  el_before_av_two_third  avia-builder-el-first  first flex_column_table_cell av-equal-height-column av-align-top  '     ><\/div>\n<div class='av-flex-placeholder'><\/div>\n<style type=\"text\/css\" data-created_by=\"avia_inline_auto\" id=\"style-css-av-lrpr1pz0-672449420aeafc1a612f3db4088733d8\">\n#top .flex_column_table.av-equal-height-column-flextable.av-lrpr1pz0-672449420aeafc1a612f3db4088733d8{\nmargin-top:25px;\nmargin-bottom:0px;\n}\n.flex_column.av-lrpr1pz0-672449420aeafc1a612f3db4088733d8{\nwidth:66%;\nmargin-left:0;\npadding:0 25px 0 0;\n}\n#top .flex_column_table.av-equal-height-column-flextable.av-lrpr1pz0-672449420aeafc1a612f3db4088733d8 .av-flex-placeholder{\nwidth:2%;\n}\n<\/style>\n<div  class='flex_column av-lrpr1pz0-672449420aeafc1a612f3db4088733d8 av_two_third  avia-builder-el-3  el_after_av_one_fifth  avia-builder-el-last  flex_column_table_cell av-equal-height-column av-align-top  '     ><p>\n<style type=\"text\/css\" data-created_by=\"avia_inline_auto\" id=\"style-css-av-lrpquvbh-deb72b4114e567b255d5c00621641011\">\n#top .av-special-heading.av-lrpquvbh-deb72b4114e567b255d5c00621641011{\npadding-bottom:10px;\n}\nbody .av-special-heading.av-lrpquvbh-deb72b4114e567b255d5c00621641011 .av-special-heading-tag .heading-char{\nfont-size:25px;\n}\n.av-special-heading.av-lrpquvbh-deb72b4114e567b255d5c00621641011 .av-subheading{\nfont-size:15px;\n}\n<\/style>\n<div  class='av-special-heading av-lrpquvbh-deb72b4114e567b255d5c00621641011 av-special-heading-h2 blockquote modern-quote modern-centered  avia-builder-el-4  el_before_av_hr  avia-builder-el-first '><h2 class='av-special-heading-tag'  itemprop=\"headline\"  >Direction g\u00e9n\u00e9rale<\/h2><div class='av-subheading av-subheading_below'><p>Caroline Degueldre  07 70 09 54 31<\/p>\n<p>Bureaux : 09 66 91 04 18<\/p>\n<\/div><div class=\"special-heading-border\"><div class=\"special-heading-inner-border\"><\/div><\/div><\/div><br \/>\n<div  class='hr av-2wu39-ccc76dbb1d6c9686d598f0d60d508155 hr-default  avia-builder-el-5  el_after_av_heading  el_before_av_contact '><span class='hr-inner '><span class=\"hr-inner-style\"><\/span><\/span><\/div><br \/>\n<form action=\"https:\/\/www.preventact.fr\/pa\/contact\/\" method=\"post\" data-fields-with-error=\"Erreurs trouv\u00e9es dans les champs suivants :\" class=\"avia_ajax_form av-form-labels-visible   avia-builder-el-6  el_after_av_hr  avia-builder-el-last  av-show-form-errors   \" data-avia-form-id=\"1\" data-avia-redirect='' ><h2 class=''>Une question ? C\u2019est ici !<\/h2><fieldset><p class='  first_form  form_element form_element_half' id='element_avia_1_1'><label for=\"avia_1_1\">Pr\u00e9nom <abbr class=\"required\" title=\"requis(e)\">*<\/abbr><\/label> <input name=\"avia_1_1\" class=\"text_input is_empty\" type=\"text\" id=\"avia_1_1\" value=\"\" \/><\/p><p class='  form_element form_element_half' id='element_avia_2_1'><label for=\"avia_2_1\">Nom <abbr class=\"required\" title=\"requis(e)\">*<\/abbr><\/label> <input name=\"avia_2_1\" class=\"text_input is_empty\" type=\"text\" id=\"avia_2_1\" value=\"\" \/><\/p><p class='  first_form  form_element form_element_fourth' id='element_avia_3_1'><label for=\"avia_3_1\">Structure \/ Soci\u00e9t\u00e9 <abbr class=\"required\" title=\"requis(e)\">*<\/abbr><\/label> <input name=\"avia_3_1\" class=\"text_input is_empty\" type=\"text\" id=\"avia_3_1\" value=\"\" \/><\/p><p class='  form_element form_element_half' id='element_avia_4_1'><label for=\"avia_4_1\">E-Mail <abbr class=\"required\" title=\"requis(e)\">*<\/abbr><\/label> <input name=\"avia_4_1\" class=\"text_input is_email\" type=\"text\" id=\"avia_4_1\" value=\"\" \/><\/p><p class='  form_element form_element_fourth' id='element_avia_5_1'><label for=\"avia_5_1\">Tel. <abbr class=\"required\" title=\"requis(e)\">*<\/abbr><\/label> <input name=\"avia_5_1\" class=\"text_input is_phone\" type=\"text\" id=\"avia_5_1\" value=\"\" \/><\/p><p class='  first_form  form_element form_fullwidth' id='element_avia_6_1'><label for=\"avia_6_1\">Sujet <abbr class=\"required\" title=\"requis(e)\">*<\/abbr><\/label> <input name=\"avia_6_1\" class=\"text_input is_empty\" type=\"text\" id=\"avia_6_1\" value=\"\" \/><\/p><p class='  first_form  form_element form_fullwidth' id='element_avia_7_1'><label for=\"avia_7_1\" class=\"textare_label hidden textare_label_avia_7_1\">Message <abbr class=\"required\" title=\"requis(e)\">*<\/abbr><\/label><textarea  name=\"avia_7_1\" class=\"text_area is_empty\" cols=\"40\" rows=\"7\" id=\"avia_7_1\" ><\/textarea><\/p><p class=\"hidden\"><input type=\"text\" name=\"avia_8_1\" class=\"hidden \" id=\"avia_8_1\" value=\"\" \/><\/p><div id='avia_9_1' class='av-recaptcha-area  first_form  form_element form_fullwidth '  data-container_class=\"\" data-custom_class=\"\" data-context=\"av_contact_form\" data-token_input=\"av_recaptcha_token\" data-version=\"avia_recaptcha_v2\" data-theme=\"light\" data-size=\"normal\" data-score=\"0.5\" data-text_to_preview=\"\" data-value=\"\"><div class=\"av-google-badge-message hidden\">Ce site est prot\u00e9g\u00e9 par reCAPTCHA et la <a href=\"https:\/\/policies.google.com\/privacy\">politique de confidentialit\u00e9<\/a> de Google et <a href=\"https:\/\/policies.google.com\/terms\">leur conditions d\u2019utilisation<\/a> s\u2019appliquent.<\/div><\/div><p class=\"form_element \"><input type=\"hidden\" value=\"1\" name=\"avia_generated_form1\" \/><input type=\"submit\" value=\"Envoyer\" class=\"button\"  data-sending-label=\"Envoi\"\/><\/p><\/fieldset><div class=\"avia-disabled-form\">Ce formulaire est d\u00e9sactiv\u00e9 dans la mesure o\u00f9 vous refusez d\u2019accepter le service Google reCAPTCHA n\u00e9cessaire pour valider toute exp\u00e9dition de message depuis celui-ci.<\/div><\/form><div id=\"ajaxresponse_1\" class=\"ajaxresponse ajaxresponse_1 hidden\"><\/div><\/p><\/div><\/div><!--close column table wrapper. Autoclose: 1 -->\n","protected":false},"excerpt":{"rendered":"","protected":false},"author":1,"featured_media":0,"parent":0,"menu_order":0,"comment_status":"closed","ping_status":"closed","template":"","meta":{"footnotes":""},"class_list":["post-21","page","type-page","status-publish","hentry"],"_links":{"self":[{"href":"https:\/\/www.preventact.fr\/pa\/wp-json\/wp\/v2\/pages\/21","targetHints":{"allow":["GET"]}}],"collection":[{"href":"https:\/\/www.preventact.fr\/pa\/wp-json\/wp\/v2\/pages"}],"about":[{"href":"https:\/\/www.preventact.fr\/pa\/wp-json\/wp\/v2\/types\/page"}],"author":[{"embeddable":true,"href":"https:\/\/www.preventact.fr\/pa\/wp-json\/wp\/v2\/users\/1"}],"replies":[{"embeddable":true,"href":"https:\/\/www.preventact.fr\/pa\/wp-json\/wp\/v2\/comments?post=21"}],"version-history":[{"count":5,"href":"https:\/\/www.preventact.fr\/pa\/wp-json\/wp\/v2\/pages\/21\/revisions"}],"predecessor-version":[{"id":2226,"href":"https:\/\/www.preventact.fr\/pa\/wp-json\/wp\/v2\/pages\/21\/revisions\/2226"}],"wp:attachment":[{"href":"https:\/\/www.preventact.fr\/pa\/wp-json\/wp\/v2\/media?parent=21"}],"curies":[{"name":"wp","href":"https:\/\/api.w.org\/{rel}","templated":true}]}}