{"id":44,"date":"2014-06-10T16:52:26","date_gmt":"2014-06-10T15:52:26","guid":{"rendered":"http:\/\/www.preventact.fr\/pa\/?page_id=44"},"modified":"2022-05-27T13:57:53","modified_gmt":"2022-05-27T12:57:53","slug":"mentions-legales","status":"publish","type":"page","link":"https:\/\/www.preventact.fr\/pa\/mentions-legales\/","title":{"rendered":"Mentions l\u00e9gales"},"content":{"rendered":"<h2><strong>Propri\u00e9t\u00e9<\/strong><\/h2>\n<p>Le pr\u00e9sent site est \u00e9dit\u00e9 par la soci\u00e9t\u00e9 Prevent&rsquo;Act,\u00a0 au capital de 5 000 \u20ac, immatricul\u00e9e sous le SIRET 507 498 673 00031 RCS DOUAI, NAF 8559A, dont le si\u00e8ge social est situ\u00e9 5 Bis, route Nationale &#8211; 59265 Aubigny-au-Bac.<\/p>\n<p>Directrice de la publication : Mme. Caroline Degueldre.<\/p>\n<p>T\u00e9l\u00e9phone : +33 (0)9 66 91 04 18<\/p>\n<p><em>Toute reproduction totale ou partielle des marques ou des logos,effectu\u00e9e \u00e0 partir des \u00e9l\u00e9ments du site sans l&rsquo;autorisation expresse est prohib\u00e9e, au sens de l&rsquo;article L.713-2 du Code de la propri\u00e9t\u00e9 intellectuelle.<\/em><\/p>\n<h2><\/h2>\n<h2>Objet du site<\/h2>\n<p>Ce site a pour vocation d&rsquo;informer l&rsquo;internaute, de fa\u00e7on non exhaustive, sur l&rsquo;histoire et le savoir-faire de la soci\u00e9t\u00e9, ses produits, ses services, ses \u00e9v\u00e9nements ou des sujets s&rsquo;y rapportant.<\/p>\n<h2><\/h2>\n<h2>Contenu<\/h2>\n<p>Les informations pr\u00e9sent\u00e9es sont donn\u00e9es \u00e0 titre indicatif et n&rsquo;engagent aucunement la responsabilit\u00e9 de Prevent&rsquo;Act ni celle de Michel Zielinski &lsquo;M.Zed&rsquo; en cas d&rsquo;erreur ou d&rsquo;indisponibilit\u00e9. Les images et photos d&rsquo;illustration appartiennent \u00e0 leur auteurs respectifs. Photos : M.Zed, Folotia, Shutterstock, Stockxch.<\/p>\n<h2><\/h2>\n<h2>Donn\u00e9es personnelles<\/h2>\n<p>La soci\u00e9t\u00e9 \u00ab\u00a0Prevent&rsquo;Act\u00a0\u00bb s&rsquo;efforce de mettre tout en \u0153uvre pour prot\u00e9ger les donn\u00e9es \u00e0 caract\u00e8re priv\u00e9 qu&rsquo;elle collecte, afin qu\u2018elles ne soient pas d\u00e9form\u00e9es, endommag\u00e9es ou communiqu\u00e9es \u00e0 des tiers sans autorisation.<br \/>\nCependant, la s\u00e9curit\u00e9 totale sur Internet n&rsquo;existe pas. Nous ne pouvons donc pas nous engager \u00e0 ce que les informations \u00e9chang\u00e9es sur notre site ne soient pas intercept\u00e9es par des tiers.<br \/>\nLes informations que vous aurez saisies sur ce site pourront \u00eatre enregistr\u00e9es pour leur traitement exclusif par \u00ab\u00a0Prevent&rsquo;Act\u00a0\u00bb dans le seul but de vous recontacter puisque vous en avez fait le souhait en transmettant votre e-mail.<br \/>\nVous disposez d&rsquo;un droit d&rsquo;acc\u00e8s, de modification, de rectification et de suppression concernant les donn\u00e9es collect\u00e9es sur ce site, dans les conditions pr\u00e9vues par la loi n\u00b078-17 du 6 janvier 1978 (modifi\u00e9e) relative \u00e0 l&rsquo;informatique, aux fichiers et aux libert\u00e9s (CNIL). Pour l&rsquo;exercer, adressez-vous au gestionnaire du site : Prevent&rsquo;Act (voir coordonn\u00e9es plus haut) ou ici ou encore aupr\u00e8s de <a href=\"http:\/\/www.m-zed.com\/contact\/\" target=\"_blank\" rel=\"noopener\">M.Zed<\/a>.<\/p>\n<h2><\/h2>\n<h2>Disponibilit\u00e9<\/h2>\n<p>L&rsquo;utilisateur du pr\u00e9sent site reconna\u00eet disposer de la comp\u00e9tence des moyens n\u00e9cessaires pour acc\u00e9der et utiliser ce site.<br \/>\nLe site preventact.fr\u00a0 ou .com se doit de fonctionner 24h\/24. Cependant, nous nous r\u00e9servons le droit d\u2019interrompre nos services \u00e0 tout moment; notamment pour proc\u00e9der \u00e0 des op\u00e9rations de maintenances, de mises \u00e0 jours&#8230;<br \/>\nLes cons\u00e9quences de ces interruptions ne sauraient engager notre responsabilit\u00e9, ni celle de OVH (l&rsquo;h\u00e9bergeur), ni celle de M.Zed (webmestre).<\/p>\n<h2><\/h2>\n<h2>H\u00e9bergement &#8211; Domaine<\/h2>\n<p>OVH\u00a0SAS au capital de 500 k\u20ac<br \/>\n140 Quai du Sartel &#8211; 59100 Roubaix &#8211; France<br \/>\nSIRET : 424 761 419 00011 RCS Roubaix\u2013Tourcoing<br \/>\nAPE : 721Z<br \/>\nTVA : FR 22 424 761 419<\/p>\n<h2><\/h2>\n<h2>Conception du site Internet<\/h2>\n<p>M.Zed &#8211; 18 rue Roger Salengro 59880 Saint-Saulve<br \/>\n<a href=\"mailto:vizionz@m-zed.com\" target=\"_blank\" rel=\"noopener\">Contacter M.Zed<\/a><\/p>\n","protected":false},"excerpt":{"rendered":"<p>Propri\u00e9t\u00e9 Le pr\u00e9sent site est \u00e9dit\u00e9 par la soci\u00e9t\u00e9 Prevent&rsquo;Act,\u00a0 au capital de 5 000 \u20ac, immatricul\u00e9e sous le SIRET 507 498 673 00031 RCS DOUAI, NAF 8559A, dont le si\u00e8ge social est situ\u00e9 5 Bis, route Nationale &#8211; 59265 Aubigny-au-Bac. Directrice de la publication : Mme. Caroline Degueldre. T\u00e9l\u00e9phone : +33 (0)9 66 91 [&hellip;]<\/p>\n","protected":false},"author":1,"featured_media":0,"parent":0,"menu_order":0,"comment_status":"closed","ping_status":"open","template":"","meta":{"footnotes":""},"class_list":["post-44","page","type-page","status-publish","hentry"],"_links":{"self":[{"href":"https:\/\/www.preventact.fr\/pa\/wp-json\/wp\/v2\/pages\/44","targetHints":{"allow":["GET"]}}],"collection":[{"href":"https:\/\/www.preventact.fr\/pa\/wp-json\/wp\/v2\/pages"}],"about":[{"href":"https:\/\/www.preventact.fr\/pa\/wp-json\/wp\/v2\/types\/page"}],"author":[{"embeddable":true,"href":"https:\/\/www.preventact.fr\/pa\/wp-json\/wp\/v2\/users\/1"}],"replies":[{"embeddable":true,"href":"https:\/\/www.preventact.fr\/pa\/wp-json\/wp\/v2\/comments?post=44"}],"version-history":[{"count":1,"href":"https:\/\/www.preventact.fr\/pa\/wp-json\/wp\/v2\/pages\/44\/revisions"}],"predecessor-version":[{"id":269,"href":"https:\/\/www.preventact.fr\/pa\/wp-json\/wp\/v2\/pages\/44\/revisions\/269"}],"wp:attachment":[{"href":"https:\/\/www.preventact.fr\/pa\/wp-json\/wp\/v2\/media?parent=44"}],"curies":[{"name":"wp","href":"https:\/\/api.w.org\/{rel}","templated":true}]}}