{"id":9,"date":"2014-06-10T16:17:00","date_gmt":"2014-06-10T15:17:00","guid":{"rendered":"http:\/\/www.preventact.fr\/pa\/?page_id=9"},"modified":"2024-02-07T23:58:14","modified_gmt":"2024-02-07T22:58:14","slug":"specifiques-types-u-j","status":"publish","type":"page","link":"https:\/\/www.preventact.fr\/pa\/specifiques-types-u-j\/","title":{"rendered":"Sp\u00e9cifiques types U \/ J"},"content":{"rendered":"\n<style type=\"text\/css\" data-created_by=\"avia_inline_auto\" id=\"style-css-av-lg14gko9-3d2d319537b27f654345e6b4ad744c22\">\n.avia-section.av-lg14gko9-3d2d319537b27f654345e6b4ad744c22{\nbackground-repeat:no-repeat;\nbackground-image:url(https:\/\/www.preventact.fr\/pa\/wp-content\/uploads\/2023\/04\/llumiere-de-signalisation-sortie-de-secours.jpg);\nbackground-position:50% 50%;\nbackground-attachment:scroll;\nmargin-top:0;\nmargin-bottom:0;\n}\n.avia-section.av-lg14gko9-3d2d319537b27f654345e6b4ad744c22 .av-section-color-overlay{\nopacity:0.6;\nbackground-color:#000000;\n}\n<\/style>\n<div id='av_section_1'  class='avia-section av-lg14gko9-3d2d319537b27f654345e6b4ad744c22 main_color avia-section-default avia-no-border-styling  avia-builder-el-0  el_before_av_section  avia-builder-el-first  avia-bg-style-scroll av-section-color-overlay-active av-minimum-height av-minimum-height-custom av-height-custom  container_wrap sidebar_right'  data-section-bg-repeat='no-repeat' data-av_minimum_height_px='350'><div class=\"av-section-color-overlay-wrap\"><div class=\"av-section-color-overlay\"><\/div><div class='container av-section-cont-open' style='height:350px'><main  role=\"main\" itemprop=\"mainContentOfPage\"  class='template-page content  av-content-small alpha units'><div class='post-entry post-entry-type-page post-entry-9'><div class='entry-content-wrapper clearfix'>\n\n<style type=\"text\/css\" data-created_by=\"avia_inline_auto\" id=\"style-css-av-lg149t1k-b1676342f621832c91971127bca477ce\">\n#top .av-special-heading.av-lg149t1k-b1676342f621832c91971127bca477ce{\npadding-bottom:10px;\ncolor:#fff087;\n}\nbody .av-special-heading.av-lg149t1k-b1676342f621832c91971127bca477ce .av-special-heading-tag .heading-char{\nfont-size:25px;\n}\n#top #wrap_all .av-special-heading.av-lg149t1k-b1676342f621832c91971127bca477ce .av-special-heading-tag{\npadding:2rem 0 0 0;\n}\n.av-special-heading.av-lg149t1k-b1676342f621832c91971127bca477ce .special-heading-inner-border{\nborder-color:rgba(0,0,0,0.01);\n}\n.av-special-heading.av-lg149t1k-b1676342f621832c91971127bca477ce .av-subheading{\nfont-size:15px;\ncolor:#ffffff;\n}\nbody .av-special-heading.av-lg149t1k-b1676342f621832c91971127bca477ce .av-special-heading-tag .heading-wrap:before{\nborder-color:rgba(0,0,0,0.01);\n}\nbody .av-special-heading.av-lg149t1k-b1676342f621832c91971127bca477ce .av-special-heading-tag .heading-wrap:after{\nborder-color:rgba(0,0,0,0.01);\n}\n<\/style>\n<div  class='av-special-heading av-lg149t1k-b1676342f621832c91971127bca477ce av-special-heading-h1 custom-color-heading blockquote elegant-quote elegant-centered  avia-builder-el-1  avia-builder-el-no-sibling '><h1 class='av-special-heading-tag'  itemprop=\"headline\"  ><span class=\"heading-wrap\">Formations sp\u00e9cifiques types U\/J<\/span><\/h1><div class=\"special-heading-border\"><div class=\"special-heading-inner-border\"><\/div><\/div><\/div>\n\n<\/div><\/div><\/main><!-- close content main element --><\/div><\/div><\/div>\n<style type=\"text\/css\" data-created_by=\"avia_inline_auto\" id=\"style-css-av-23x1b-664317e675d0aee520aa5a163986887e\">\n.avia-section.av-23x1b-664317e675d0aee520aa5a163986887e{\nmargin-top:0px;\nmargin-bottom:0px;\n}\n<\/style>\n<div id='av_section_2' aria-label='liste des formations' class='avia-section av-23x1b-664317e675d0aee520aa5a163986887e footer_color avia-section-small avia-no-border-styling  avia-builder-el-2  el_after_av_section  el_before_av_blog  avia-bg-style-scroll container_wrap sidebar_right'  ><div class='container av-section-cont-open' ><div class='template-page content  av-content-small alpha units'><div class='post-entry post-entry-type-page post-entry-9'><div class='entry-content-wrapper clearfix'>\n\n<style type=\"text\/css\" data-created_by=\"avia_inline_auto\" id=\"style-css-av-lrywpsp9-954cbefdecfefc65c26723c8fbece62f\">\n#top .flex_column.av-lrywpsp9-954cbefdecfefc65c26723c8fbece62f{\nmargin-top:0px;\nmargin-bottom:0px;\n}\n.flex_column.av-lrywpsp9-954cbefdecfefc65c26723c8fbece62f{\npadding:0 0 0 75px;\n}\n.responsive #top #wrap_all .flex_column.av-lrywpsp9-954cbefdecfefc65c26723c8fbece62f{\nmargin-top:0px;\nmargin-bottom:0px;\n}\n<\/style>\n<div  class='flex_column av-lrywpsp9-954cbefdecfefc65c26723c8fbece62f av_one_full  avia-builder-el-3  avia-builder-el-no-sibling  first no_margin flex_column_div  '     ><style type=\"text\/css\" data-created_by=\"avia_inline_auto\" id=\"style-css-av-10hfr-eae54392acdd457b69fb4f4280e124ee\">\n#top .av_textblock_section.av-10hfr-eae54392acdd457b69fb4f4280e124ee .avia_textblock{\nfont-size:1.25rem;\ncolor:#dddddd;\ncolumn-count:4;\ncolumn-gap:2%;\n}\n\n@media only screen and (max-width: 479px){ \n#top .av_textblock_section.av-10hfr-eae54392acdd457b69fb4f4280e124ee .avia_textblock{\ncolumn-count:1;\n}\n.av_textblock_section.av-10hfr-eae54392acdd457b69fb4f4280e124ee .avia_textblock.av_multi_colums > p:first-child{\nmargin-top:0.85em;\n}\n}\n<\/style>\n<section  class='av_textblock_section av-10hfr-eae54392acdd457b69fb4f4280e124ee '   itemscope=\"itemscope\" itemtype=\"https:\/\/schema.org\/CreativeWork\" ><div class='avia_textblock av_multi_colums av_inherit_color'  itemprop=\"text\" ><p>&#x2714; R\u00e9f\u00e9rent s\u00e9curit\u00e9 type U \/ J<\/p>\n<p>&#x2714; Exploitation du S.S.I.<\/p>\n<p>&#x2714; \u00c9quipier de 1\u00e8re intervention et mise en s\u00e9curit\u00e9 type U \/ J<\/p>\n<p>&#x2714; \u00c9quipier de 1\u00e8re intervention et formation \u00e9vacuation<\/p>\n<\/div><\/section><\/div>\n<\/div><\/div><\/div><!-- close content main div --><\/div><\/div><div id='after_section_2'  class='main_color av_default_container_wrap container_wrap sidebar_right'  ><div class='container av-section-cont-open' ><div class='template-page content  av-content-small alpha units'><div class='post-entry post-entry-type-page post-entry-9'><div class='entry-content-wrapper clearfix'>\n\n","protected":false},"excerpt":{"rendered":"","protected":false},"author":1,"featured_media":0,"parent":0,"menu_order":0,"comment_status":"closed","ping_status":"open","template":"","meta":{"footnotes":""},"class_list":["post-9","page","type-page","status-publish","hentry"],"_links":{"self":[{"href":"https:\/\/www.preventact.fr\/pa\/wp-json\/wp\/v2\/pages\/9","targetHints":{"allow":["GET"]}}],"collection":[{"href":"https:\/\/www.preventact.fr\/pa\/wp-json\/wp\/v2\/pages"}],"about":[{"href":"https:\/\/www.preventact.fr\/pa\/wp-json\/wp\/v2\/types\/page"}],"author":[{"embeddable":true,"href":"https:\/\/www.preventact.fr\/pa\/wp-json\/wp\/v2\/users\/1"}],"replies":[{"embeddable":true,"href":"https:\/\/www.preventact.fr\/pa\/wp-json\/wp\/v2\/comments?post=9"}],"version-history":[{"count":1,"href":"https:\/\/www.preventact.fr\/pa\/wp-json\/wp\/v2\/pages\/9\/revisions"}],"predecessor-version":[{"id":2180,"href":"https:\/\/www.preventact.fr\/pa\/wp-json\/wp\/v2\/pages\/9\/revisions\/2180"}],"wp:attachment":[{"href":"https:\/\/www.preventact.fr\/pa\/wp-json\/wp\/v2\/media?parent=9"}],"curies":[{"name":"wp","href":"https:\/\/api.w.org\/{rel}","templated":true}]}}